{"id":88,"date":"2019-05-27T10:11:11","date_gmt":"2019-05-27T07:11:11","guid":{"rendered":"https:\/\/omamedical.fi\/et\/?page_id=88"},"modified":"2026-04-22T16:29:52","modified_gmt":"2026-04-22T13:29:52","slug":"sundmused","status":"publish","type":"page","link":"https:\/\/omamedical.fi\/et\/sundmused\/","title":{"rendered":"S\u00fcndmused"},"content":{"rendered":"\n<p><strong><a href=\"https:\/\/events.tuni.fi\/sns2026\/\">Scandinavian Neurosurgical Congress 2026<\/a><\/strong><br>Tampere-talo, Tampere, Soome<br>11.-13. mai 2026<\/p>\n\n\n\n<p><a href=\"https:\/\/www.epilepsia.fi\/suomen-epilepsiaseura\/koulutukset\/valtakunnalliset-suomen-epilepsiaseuran-koulutukset\/\"><strong>Soome Epilepsia\u00fchingu riiklik haridusp\u00e4ev<\/strong><\/a><br>Finlandia-Talo, Helsinki, Soome<br>22. mai 2026<br><br><strong><a href=\"https:\/\/www.epilepsia.fi\/tapahtuma\/kesakisat-riihimaella-6-6-2026\/\">Epilepsia\u00fchingu suvev\u00f5istlus<\/a><\/strong><br>Peltosaare spordipark, Riihim\u00e4ki, Soome <br>6. juuni 2026<\/p>\n\n\n\n<p><strong><a href=\"https:\/\/sites.uef.fi\/neuro50\/\">Kuopio Neuroscience 50-years symposium<\/a><\/strong><br>Kuopio muusikakeskus, Kuopio, Soome<br>15.-17. juuni 2026<\/p>\n\n\n\n<p><strong>KYS Neurokirurgia 50. aastap\u00e4eva s\u00fcmpoosion<\/strong><br>KYS Auditoorium, Kuopio, Soome<br>11. september 2026<\/p>\n","protected":false},"excerpt":{"rendered":"<p>Scandinavian Neurosurgical Congress 2026Tampere-talo, Tampere, Soome11.-13. mai 2026 Soome Epilepsia\u00fchingu riiklik haridusp\u00e4evFinlandia-Talo, Helsinki, Soome22. mai 2026 Epilepsia\u00fchingu suvev\u00f5istlusPeltosaare spordipark, Riihim\u00e4ki, Soome 6. juuni 2026 Kuopio Neuroscience 50-years symposiumKuopio muusikakeskus, Kuopio, Soome15.-17. juuni 2026 KYS Neurokirurgia 50. aastap\u00e4eva s\u00fcmpoosionKYS Auditoorium, Kuopio, Soome11. september 2026<\/p>\n","protected":false},"author":1,"featured_media":0,"parent":0,"menu_order":0,"comment_status":"closed","ping_status":"closed","template":"","meta":{"footnotes":""},"class_list":["post-88","page","type-page","status-publish","hentry"],"_links":{"self":[{"href":"https:\/\/omamedical.fi\/et\/wp-json\/wp\/v2\/pages\/88","targetHints":{"allow":["GET"]}}],"collection":[{"href":"https:\/\/omamedical.fi\/et\/wp-json\/wp\/v2\/pages"}],"about":[{"href":"https:\/\/omamedical.fi\/et\/wp-json\/wp\/v2\/types\/page"}],"author":[{"embeddable":true,"href":"https:\/\/omamedical.fi\/et\/wp-json\/wp\/v2\/users\/1"}],"replies":[{"embeddable":true,"href":"https:\/\/omamedical.fi\/et\/wp-json\/wp\/v2\/comments?post=88"}],"version-history":[{"count":31,"href":"https:\/\/omamedical.fi\/et\/wp-json\/wp\/v2\/pages\/88\/revisions"}],"predecessor-version":[{"id":196,"href":"https:\/\/omamedical.fi\/et\/wp-json\/wp\/v2\/pages\/88\/revisions\/196"}],"wp:attachment":[{"href":"https:\/\/omamedical.fi\/et\/wp-json\/wp\/v2\/media?parent=88"}],"curies":[{"name":"wp","href":"https:\/\/api.w.org\/{rel}","templated":true}]}}